{"id":145,"date":"2023-02-02T12:57:25","date_gmt":"2023-02-02T11:57:25","guid":{"rendered":"http:\/\/project.egalbar.de\/wp\/?page_id=145"},"modified":"2023-02-02T22:27:19","modified_gmt":"2023-02-02T21:27:19","slug":"kassel","status":"publish","type":"page","link":"http:\/\/project.egalbar.de\/wp\/?page_id=145","title":{"rendered":"Kassel"},"content":{"rendered":"<p><\/br><\/br><\/br><\/br><br \/>\n<img decoding=\"async\" loading=\"lazy\" class=\"size-full wp-image-273 alignnone\" src=\"http:\/\/project.egalbar.de\/wp\/wp-content\/uploads\/2023\/02\/Egalbar@loyalartsKS1-1.jpg\" alt=\"\" width=\"600\" height=\"400\" srcset=\"http:\/\/project.egalbar.de\/wp\/wp-content\/uploads\/2023\/02\/Egalbar@loyalartsKS1-1.jpg 600w, http:\/\/project.egalbar.de\/wp\/wp-content\/uploads\/2023\/02\/Egalbar@loyalartsKS1-1-300x200.jpg 300w\" sizes=\"(max-width: 600px) 100vw, 600px\" \/><\/p>\n<p>Kassel, August\/ September 2012, Laufzeit: 6 Wochen, parallel zur Documenta 13.<\/p>\n<p>Interaktiv, in der Galerie \u201eLoyal Arts Club\u201c.<br \/>\nBestehend aus Buffet, Tresen, Inventar wie Plattenspieler, Gl\u00e4ser, Spiegelkugel, Bilder, Lampen, Barhocker, St\u00fchle, Tische, Windfang, Vorhang, 3 W\u00e4nden<br \/>\nFototapete, Getr\u00e4nke.<\/p>\n<p>z.B. Balz Isler (Performancek\u00fcnstler), Sascha Demand und Charly H\u00f6pfner (experimentelle Musiker), Lidl Bromance (Performer, DJs), Pannmediale (Medien &#8211;<br \/>\nPerformancek\u00fcnstler) sowie viele andere.<\/p>\n<p>&#8222;<em>Der Tanz war sehr frenetisch, aufbr\u00fcllend, rasselnd, klingelnd, verdreht, rollend und dauerte (f\u00fcr) l\u00e4ngere Zeit<\/em>.\u201d<\/p>\n<div>C. Bakargiev 2011 zum inhaltlichen Konzept der Documenta 13 &#8211; und was f\u00fcr unser Projekt in Kassel, <br \/>welches zeitgleich zur Documenta lief, auch zu unseren Leitspruch wurde.<\/div>\n<div>1000 Dank an alle Beteiligten!<\/div>\n<p><img decoding=\"async\" loading=\"lazy\" class=\"size-full wp-image-118 alignnone\" src=\"http:\/\/project.egalbar.de\/wp\/wp-content\/uploads\/2023\/02\/INSTANSegalbarks1.jpg\" alt=\"\" width=\"600\" height=\"778\" srcset=\"http:\/\/project.egalbar.de\/wp\/wp-content\/uploads\/2023\/02\/INSTANSegalbarks1.jpg 600w, http:\/\/project.egalbar.de\/wp\/wp-content\/uploads\/2023\/02\/INSTANSegalbarks1-231x300.jpg 231w\" sizes=\"(max-width: 600px) 100vw, 600px\" \/><br \/>\n<iframe loading=\"lazy\" title=\"YouTube video player\" src=\"https:\/\/www.youtube.com\/embed\/Lg7RMCtU6-Y\" width=\"560\" height=\"315\" frameborder=\"0\" allowfullscreen=\"allowfullscreen\"><\/iframe><br \/>\n<iframe loading=\"lazy\" title=\"YouTube video player\" src=\"https:\/\/www.youtube.com\/embed\/Qia8xhIK23U\" width=\"560\" height=\"315\" frameborder=\"0\" allowfullscreen=\"allowfullscreen\"><\/iframe><\/p>\n<p>&nbsp;<\/p>\n<p>&nbsp;<\/p>\n<p>&nbsp;<\/p>\n","protected":false},"excerpt":{"rendered":"<p>Kassel, August\/ September 2012, Laufzeit: 6 Wochen, parallel zur Documenta 13. Interaktiv, in der Galerie \u201eLoyal Arts Club\u201c. Bestehend aus Buffet, Tresen, Inventar wie Plattenspieler, Gl\u00e4ser, Spiegelkugel, Bilder, Lampen, Barhocker, St\u00fchle, Tische, Windfang, Vorhang, 3 W\u00e4nden Fototapete, Getr\u00e4nke. z.B. Balz Isler (Performancek\u00fcnstler), Sascha Demand und Charly H\u00f6pfner (experimentelle Musiker), Lidl Bromance (Performer, DJs), Pannmediale (Medien [&hellip;]<\/p>\n","protected":false},"author":1,"featured_media":0,"parent":0,"menu_order":0,"comment_status":"closed","ping_status":"closed","template":"","meta":[],"_links":{"self":[{"href":"http:\/\/project.egalbar.de\/wp\/index.php?rest_route=\/wp\/v2\/pages\/145"}],"collection":[{"href":"http:\/\/project.egalbar.de\/wp\/index.php?rest_route=\/wp\/v2\/pages"}],"about":[{"href":"http:\/\/project.egalbar.de\/wp\/index.php?rest_route=\/wp\/v2\/types\/page"}],"author":[{"embeddable":true,"href":"http:\/\/project.egalbar.de\/wp\/index.php?rest_route=\/wp\/v2\/users\/1"}],"replies":[{"embeddable":true,"href":"http:\/\/project.egalbar.de\/wp\/index.php?rest_route=%2Fwp%2Fv2%2Fcomments&post=145"}],"version-history":[{"count":27,"href":"http:\/\/project.egalbar.de\/wp\/index.php?rest_route=\/wp\/v2\/pages\/145\/revisions"}],"predecessor-version":[{"id":371,"href":"http:\/\/project.egalbar.de\/wp\/index.php?rest_route=\/wp\/v2\/pages\/145\/revisions\/371"}],"wp:attachment":[{"href":"http:\/\/project.egalbar.de\/wp\/index.php?rest_route=%2Fwp%2Fv2%2Fmedia&parent=145"}],"curies":[{"name":"wp","href":"https:\/\/api.w.org\/{rel}","templated":true}]}}