{"id":149,"date":"2023-02-02T12:57:47","date_gmt":"2023-02-02T11:57:47","guid":{"rendered":"http:\/\/project.egalbar.de\/wp\/?page_id=149"},"modified":"2023-02-02T22:03:00","modified_gmt":"2023-02-02T21:03:00","slug":"leibzig","status":"publish","type":"page","link":"http:\/\/project.egalbar.de\/wp\/?page_id=149","title":{"rendered":"Leipzig"},"content":{"rendered":"<p><\/br><\/br><\/br><\/br><\/br><img decoding=\"async\" loading=\"lazy\" class=\"alignnone wp-image-119 size-large\" src=\"http:\/\/project.egalbar.de\/wp\/wp-content\/uploads\/2023\/02\/leipzig1-1024x765.jpg\" alt=\"\" width=\"803\" height=\"600\" srcset=\"http:\/\/project.egalbar.de\/wp\/wp-content\/uploads\/2023\/02\/leipzig1-1024x765.jpg 1024w, http:\/\/project.egalbar.de\/wp\/wp-content\/uploads\/2023\/02\/leipzig1-300x224.jpg 300w, http:\/\/project.egalbar.de\/wp\/wp-content\/uploads\/2023\/02\/leipzig1-768x574.jpg 768w, http:\/\/project.egalbar.de\/wp\/wp-content\/uploads\/2023\/02\/leipzig1.jpg 1071w\" sizes=\"(max-width: 803px) 100vw, 803px\" \/><\/p>\n<p>Leipzig, April 2012<\/p>\n<p>Nicht Interaktive Installation in einem tempor\u00e4ren<br \/>\nAusstellungsraum, einem leerstehenden Ladengesch\u00e4ft, anl\u00e4sslich des Ausstellungsprojektes \u201eBetriebsausflugs Hamburg &#8211; Leipzig 2012\u201c.<\/p>\n<p>Bestehend aus Unterschrank, Buffet, Tresen, Barhockern, 2 W\u00e4nden Fototapete.<\/br><\/br><\/br><\/br><\/p>\n","protected":false},"excerpt":{"rendered":"<p>Leipzig, April 2012 Nicht Interaktive Installation in einem tempor\u00e4ren Ausstellungsraum, einem leerstehenden Ladengesch\u00e4ft, anl\u00e4sslich des Ausstellungsprojektes \u201eBetriebsausflugs Hamburg &#8211; Leipzig 2012\u201c. Bestehend aus Unterschrank, Buffet, Tresen, Barhockern, 2 W\u00e4nden Fototapete.<\/p>\n","protected":false},"author":1,"featured_media":0,"parent":0,"menu_order":0,"comment_status":"closed","ping_status":"closed","template":"","meta":[],"_links":{"self":[{"href":"http:\/\/project.egalbar.de\/wp\/index.php?rest_route=\/wp\/v2\/pages\/149"}],"collection":[{"href":"http:\/\/project.egalbar.de\/wp\/index.php?rest_route=\/wp\/v2\/pages"}],"about":[{"href":"http:\/\/project.egalbar.de\/wp\/index.php?rest_route=\/wp\/v2\/types\/page"}],"author":[{"embeddable":true,"href":"http:\/\/project.egalbar.de\/wp\/index.php?rest_route=\/wp\/v2\/users\/1"}],"replies":[{"embeddable":true,"href":"http:\/\/project.egalbar.de\/wp\/index.php?rest_route=%2Fwp%2Fv2%2Fcomments&post=149"}],"version-history":[{"count":8,"href":"http:\/\/project.egalbar.de\/wp\/index.php?rest_route=\/wp\/v2\/pages\/149\/revisions"}],"predecessor-version":[{"id":352,"href":"http:\/\/project.egalbar.de\/wp\/index.php?rest_route=\/wp\/v2\/pages\/149\/revisions\/352"}],"wp:attachment":[{"href":"http:\/\/project.egalbar.de\/wp\/index.php?rest_route=%2Fwp%2Fv2%2Fmedia&parent=149"}],"curies":[{"name":"wp","href":"https:\/\/api.w.org\/{rel}","templated":true}]}}