{"id":153,"date":"2023-02-02T12:58:01","date_gmt":"2023-02-02T11:58:01","guid":{"rendered":"http:\/\/project.egalbar.de\/wp\/?page_id=153"},"modified":"2023-02-03T01:47:30","modified_gmt":"2023-02-03T00:47:30","slug":"hamburg","status":"publish","type":"page","link":"http:\/\/project.egalbar.de\/wp\/?page_id=153","title":{"rendered":"Galerie der Schlumper"},"content":{"rendered":"<p><\/br><\/br><\/br><\/br><\/p>\n<p><img decoding=\"async\" loading=\"lazy\" class=\"size-full wp-image-239 alignnone\" src=\"http:\/\/project.egalbar.de\/wp\/wp-content\/uploads\/2023\/02\/MG_0014akl.jpg\" alt=\"\" width=\"800\" height=\"533\" srcset=\"http:\/\/project.egalbar.de\/wp\/wp-content\/uploads\/2023\/02\/MG_0014akl.jpg 800w, http:\/\/project.egalbar.de\/wp\/wp-content\/uploads\/2023\/02\/MG_0014akl-600x400.jpg 600w, http:\/\/project.egalbar.de\/wp\/wp-content\/uploads\/2023\/02\/MG_0014akl-300x200.jpg 300w, http:\/\/project.egalbar.de\/wp\/wp-content\/uploads\/2023\/02\/MG_0014akl-768x512.jpg 768w\" sizes=\"(max-width: 800px) 100vw, 800px\" \/><\/br><\/p>\n<p><img decoding=\"async\" loading=\"lazy\" class=\"size-full wp-image-240 alignnone\" src=\"http:\/\/project.egalbar.de\/wp\/wp-content\/uploads\/2023\/02\/MG_0037akl.jpg\" alt=\"\" width=\"800\" height=\"533\" srcset=\"http:\/\/project.egalbar.de\/wp\/wp-content\/uploads\/2023\/02\/MG_0037akl.jpg 800w, http:\/\/project.egalbar.de\/wp\/wp-content\/uploads\/2023\/02\/MG_0037akl-600x400.jpg 600w, http:\/\/project.egalbar.de\/wp\/wp-content\/uploads\/2023\/02\/MG_0037akl-300x200.jpg 300w, http:\/\/project.egalbar.de\/wp\/wp-content\/uploads\/2023\/02\/MG_0037akl-768x512.jpg 768w\" sizes=\"(max-width: 800px) 100vw, 800px\" \/><\/br><\/p>\n<p><img decoding=\"async\" loading=\"lazy\" class=\"size-full wp-image-241 alignnone\" src=\"http:\/\/project.egalbar.de\/wp\/wp-content\/uploads\/2023\/02\/DSC9854akl.jpg\" alt=\"\" width=\"800\" height=\"533\" srcset=\"http:\/\/project.egalbar.de\/wp\/wp-content\/uploads\/2023\/02\/DSC9854akl.jpg 800w, http:\/\/project.egalbar.de\/wp\/wp-content\/uploads\/2023\/02\/DSC9854akl-600x400.jpg 600w, http:\/\/project.egalbar.de\/wp\/wp-content\/uploads\/2023\/02\/DSC9854akl-300x200.jpg 300w, http:\/\/project.egalbar.de\/wp\/wp-content\/uploads\/2023\/02\/DSC9854akl-768x512.jpg 768w\" sizes=\"(max-width: 800px) 100vw, 800px\" \/><\/br><\/p>\n<p><img decoding=\"async\" loading=\"lazy\" class=\"alignnone wp-image-423\" src=\"http:\/\/project.egalbar.de\/wp\/wp-content\/uploads\/2023\/02\/DSC9910.jpg\" alt=\"\" width=\"800\" height=\"533\" srcset=\"http:\/\/project.egalbar.de\/wp\/wp-content\/uploads\/2023\/02\/DSC9910.jpg 2560w, http:\/\/project.egalbar.de\/wp\/wp-content\/uploads\/2023\/02\/DSC9910-600x400.jpg 600w, http:\/\/project.egalbar.de\/wp\/wp-content\/uploads\/2023\/02\/DSC9910-900x600.jpg 900w, http:\/\/project.egalbar.de\/wp\/wp-content\/uploads\/2023\/02\/DSC9910-300x200.jpg 300w, http:\/\/project.egalbar.de\/wp\/wp-content\/uploads\/2023\/02\/DSC9910-768x511.jpg 768w, http:\/\/project.egalbar.de\/wp\/wp-content\/uploads\/2023\/02\/DSC9910-1536x1022.jpg 1536w, http:\/\/project.egalbar.de\/wp\/wp-content\/uploads\/2023\/02\/DSC9910-2048x1363.jpg 2048w, http:\/\/project.egalbar.de\/wp\/wp-content\/uploads\/2023\/02\/DSC9910-1800x1198.jpg 1800w\" sizes=\"(max-width: 800px) 100vw, 800px\" \/><\/br><\/p>\n<p>Galerie der Schlumper vom 12. &#8211; 21.09.2014<\/p>\n<p>Vor \u00fcber zwei Jahren wurde das Haus in der Marktsrasse 131 abgerissen, damit verschwand auch die Egalbar. In dem k\u00fcrzlich fertiggestellten Neubau befindet sich jetzt die Galerie der Schlumper.<\/p>\n<p>Wir freuen uns ganz besonders das project.Egalbar an diesem originalem Ort zu zeigen.<\/p>\n<p>Neben dem &#8218;project.Egalbar&#8216; werden noch Arbeiten der beiden K\u00fcnstler Bernhard Krebs und Horst W\u00e4\u00dfle aus dem Atelier der Schlumper zu sehen sein und das Projekt &#8218;Barkeepers&#8216; von Dani Freitag und Alexandra Grie\u00df, welche Dioramen verschwundener bzw. vom Abriss bedrohte Bars zeigen.<\/p>\n<p>Fotos von Christian Lohfink. 1000 Dank daf\u00fcr!<\/br><\/br><\/br><\/br><\/p>\n","protected":false},"excerpt":{"rendered":"<p>Galerie der Schlumper vom 12. &#8211; 21.09.2014 Vor \u00fcber zwei Jahren wurde das Haus in der Marktsrasse 131 abgerissen, damit verschwand auch die Egalbar. In dem k\u00fcrzlich fertiggestellten Neubau befindet sich jetzt die Galerie der Schlumper. Wir freuen uns ganz besonders das project.Egalbar an diesem originalem Ort zu zeigen. Neben dem &#8218;project.Egalbar&#8216; werden noch Arbeiten [&hellip;]<\/p>\n","protected":false},"author":1,"featured_media":0,"parent":0,"menu_order":0,"comment_status":"closed","ping_status":"closed","template":"","meta":[],"_links":{"self":[{"href":"http:\/\/project.egalbar.de\/wp\/index.php?rest_route=\/wp\/v2\/pages\/153"}],"collection":[{"href":"http:\/\/project.egalbar.de\/wp\/index.php?rest_route=\/wp\/v2\/pages"}],"about":[{"href":"http:\/\/project.egalbar.de\/wp\/index.php?rest_route=\/wp\/v2\/types\/page"}],"author":[{"embeddable":true,"href":"http:\/\/project.egalbar.de\/wp\/index.php?rest_route=\/wp\/v2\/users\/1"}],"replies":[{"embeddable":true,"href":"http:\/\/project.egalbar.de\/wp\/index.php?rest_route=%2Fwp%2Fv2%2Fcomments&post=153"}],"version-history":[{"count":17,"href":"http:\/\/project.egalbar.de\/wp\/index.php?rest_route=\/wp\/v2\/pages\/153\/revisions"}],"predecessor-version":[{"id":425,"href":"http:\/\/project.egalbar.de\/wp\/index.php?rest_route=\/wp\/v2\/pages\/153\/revisions\/425"}],"wp:attachment":[{"href":"http:\/\/project.egalbar.de\/wp\/index.php?rest_route=%2Fwp%2Fv2%2Fmedia&parent=153"}],"curies":[{"name":"wp","href":"https:\/\/api.w.org\/{rel}","templated":true}]}}