{"id":17,"date":"2023-02-02T12:11:29","date_gmt":"2023-02-02T11:11:29","guid":{"rendered":"http:\/\/project.egalbar.de\/wp\/?page_id=17"},"modified":"2025-11-28T11:35:02","modified_gmt":"2025-11-28T10:35:02","slug":"aktuelles","status":"publish","type":"page","link":"http:\/\/project.egalbar.de\/wp\/","title":{"rendered":"Aktuelles"},"content":{"rendered":"<p>&nbsp;<\/p>\n<p>&nbsp;<\/p>\n<p><span style=\"color: #ff99cc;\">\/\/\/\/\/\/\/\/\/\/\/\/\/\/\/\/\/\/\/\/\/\/\/\/\/\/\/\/\/\/\/\/\/\/\/\/\/\/\/\/\/\/\/\/\/\/\/\/\/\/\/\/\/\/\/\/\/\/\/\/\/\/\/\/\/\/\/\/\/\/\/\/\/\/\/\/\/\/\/\/\/\/\/\/\/\/\/\/\/\/\/\/\/\/\/\/\/\/\/\/<\/span><\/p>\n<h2>Project.Egalbar @ Off The Radar Dezentral \u00a0Klosterwall 9<\/h2>\n<p><a href=\"https:\/\/radar.offtheradar.net\/de\/attendees\/spielstaetten\/egalbar\">https:\/\/radar.offtheradar.net<\/a><\/h2>\n<img decoding=\"async\" loading=\"lazy\" class=\"alignnone\" src=\"https:\/\/elenagetzieh.de\/wp-content\/uploads\/2025\/08\/egal_klosterwall_kl.jpg\" alt=\"egal\" width=\"1032\" height=\"774\" \/>\n<p><span style=\"color: #ff99cc;\">\/\/\/\/\/\/\/\/\/\/\/\/\/\/\/\/\/\/\/\/\/\/\/\/\/\/\/\/\/\/\/\/\/\/\/\/\/\/\/\/\/\/\/\/\/\/\/\/\/\/\/\/\/\/\/\/\/\/\/\/\/\/\/\/\/\/\/\/\/\/\/\/\/\/\/\/\/\/\/\/\/\/\/\/\/\/\/\/\/\/\/\/\/\/\/\/\/\/\/\/<\/span><\/p>\n<p>&nbsp;<\/p>\n<p>________________________________________________________________________________________<\/p>\n<h2><span style=\"color: #000000;\">project.Egalbar @<\/span><\/h2>\n<div id=\"ititle\">\n<div class=\"general_header\">\n<div class=\"general_title\">ART OFF HAMBURG #3<\/div>\n<\/div>\n<\/div>\n<div id=\"close\"><strong>Gemeinschaftsausstellung freier Kunstorte in Hamburg<\/strong><\/div>\n<div id=\"content\">\n<p><strong>Barlach Halle K I Klosterwall 13 I 20095 Hamburg I <\/strong><a href=\"https:\/\/artoffhamburg.de\/\"><strong>www.artoffhamburg.de<\/strong><\/a><br \/>\n<strong>07. M\u00e4rz bis 16. M\u00e4rz 2025<\/strong><\/p>\n<\/div>\n<p>10. Tage umfangreiches Programm in der Barlach Halle K<\/p>\n<p>Hamburgs freie Kunstszene l\u00e4dt ein: Vom 07. bis 16. M\u00e4rz 2025 wird die Ausstellung \u201eART OFF Hamburg #3\u201c in der Barlach Halle K gezeigt. Begleitet von einem umfangreichen Programm feiert die Initiative ART OFF Hamburg \u00fcber 10. Tage erreichte Ziele, darunter den Launch der Website artoffhamburg.de. Mit der F\u00f6rderung durch die Beh\u00f6rde f\u00fcr Kultur und Medien unterstreicht die Stadt Hamburg die gesellschaftliche Bedeutung dieser Kunstorte als wichtigen Bestandteil des gesellschaftlichen Lebens.<\/p>\n<p>____________________________________________________________________________________<\/p>\n<p>&nbsp;<\/p>\n<p>&nbsp;<\/p>\n<p><a href=\"https:\/\/nukleus-karoviertel.de\/nukleus-2\/\" target=\"_blank\" rel=\"noopener\">https:\/\/nukleus-karoviertel.de\/<\/a>\u00a0 5. bis. 12. Oktober in der <strong>Galerie der Schlumper, Marktstra\u00dfe 131, 20357 Hamburg<br \/>\n<\/strong><\/p>\n<h2 class=\"wp-block-heading has-text-align-center has-tertiary-color has-cyan-bluish-gray-background-color has-text-color has-background has-link-color has-medium-font-size wp-elements-105bcb7c87f885bab98d15ca405a0784\">MI 9. Oktober\/\/ 15 \u2013 18 Uhr<\/h2>\n<p>Die <strong><a href=\"http:\/\/project.egalbar.de\/\" target=\"_blank\" rel=\"noreferrer noopener\" data-type=\"link\" data-id=\"http:\/\/project.egalbar.de\/\">Egal Bar<\/a><\/strong> stand an der Stelle der heutigen Galerie der Schlumper. \u201eSchei\u00df auf Regeln, Schei\u00df auf Konventionen, Schei\u00df auf Profit\u201c fasste der Journalist <a href=\"https:\/\/hamburg.mitvergnuegen.com\/clubs-von-gestern\/clubs-von-gestern-egalbar\/\" target=\"_blank\" rel=\"noreferrer noopener\" data-type=\"link\" data-id=\"https:\/\/hamburg.mitvergnuegen.com\/clubs-von-gestern\/clubs-von-gestern-egalbar\/\">Jan Freitag<\/a> das Prinzip zusammen. Von 1994 bis 2012 existierte sie im Viertel. <strong><a href=\"https:\/\/nilsemde.de\/leben-mit-walter\/leben-mit-walter\/\" target=\"_blank\" rel=\"noreferrer noopener\">Nils Emde<\/a><\/strong> und <strong><a href=\"http:\/\/elenagetzieh.de\/\" target=\"_blank\" rel=\"noreferrer noopener\" data-type=\"link\" data-id=\"http:\/\/elenagetzieh.de\/\">Elena Getzieh<\/a><\/strong> haben nach dem Abriss die \u00dcberreste bewahrt und lassen die Atmosph\u00e4re dieses Ortes wieder sp\u00fcrbar werden. Originalmobiliar und Tapetenrelikte erzeugen Resonanz auf diesen so ganz anderen Kultur-Container. Die Reihe von Interviews, die sie \u00fcber die Jahre dokumentiert und publiziert haben, wollen sie in der Woche fortsetzen. Besucher, wom\u00f6glich Zeitzeugen, k\u00f6nnen Emde\/Getzieh am Mittwoch zwischen 15 und 18 Uhr in der Galerie treffen.<\/p>\n<img decoding=\"async\" loading=\"lazy\" class=\"alignleft size-full wp-image-442\" src=\"http:\/\/project.egalbar.de\/wp\/wp-content\/uploads\/2023\/02\/noshadow_egal_cover_singles_cut_single5.png\" alt=\"\" width=\"600\" height=\"937\" srcset=\"http:\/\/project.egalbar.de\/wp\/wp-content\/uploads\/2023\/02\/noshadow_egal_cover_singles_cut_single5.png 600w, http:\/\/project.egalbar.de\/wp\/wp-content\/uploads\/2023\/02\/noshadow_egal_cover_singles_cut_single5-256x400.png 256w, http:\/\/project.egalbar.de\/wp\/wp-content\/uploads\/2023\/02\/noshadow_egal_cover_singles_cut_single5-384x600.png 384w, http:\/\/project.egalbar.de\/wp\/wp-content\/uploads\/2023\/02\/noshadow_egal_cover_singles_cut_single5-128x200.png 128w\" sizes=\"(max-width: 600px) 100vw, 600px\" \/>\n","protected":false},"excerpt":{"rendered":"<p>&nbsp; &nbsp; \/\/\/\/\/\/\/\/\/\/\/\/\/\/\/\/\/\/\/\/\/\/\/\/\/\/\/\/\/\/\/\/\/\/\/\/\/\/\/\/\/\/\/\/\/\/\/\/\/\/\/\/\/\/\/\/\/\/\/\/\/\/\/\/\/\/\/\/\/\/\/\/\/\/\/\/\/\/\/\/\/\/\/\/\/\/\/\/\/\/\/\/\/\/\/\/\/\/\/\/ Project.Egalbar @ Off The Radar Dezentral \u00a0Klosterwall 9 https:\/\/radar.offtheradar.net \/\/\/\/\/\/\/\/\/\/\/\/\/\/\/\/\/\/\/\/\/\/\/\/\/\/\/\/\/\/\/\/\/\/\/\/\/\/\/\/\/\/\/\/\/\/\/\/\/\/\/\/\/\/\/\/\/\/\/\/\/\/\/\/\/\/\/\/\/\/\/\/\/\/\/\/\/\/\/\/\/\/\/\/\/\/\/\/\/\/\/\/\/\/\/\/\/\/\/\/ &nbsp; ________________________________________________________________________________________ project.Egalbar @ ART OFF HAMBURG #3 Gemeinschaftsausstellung freier Kunstorte in Hamburg Barlach Halle K I Klosterwall 13 I 20095 Hamburg I www.artoffhamburg.de 07. M\u00e4rz bis 16. M\u00e4rz 2025 10. Tage umfangreiches Programm in der Barlach Halle K Hamburgs freie Kunstszene [&hellip;]<\/p>\n","protected":false},"author":1,"featured_media":0,"parent":0,"menu_order":0,"comment_status":"closed","ping_status":"closed","template":"","meta":[],"_links":{"self":[{"href":"http:\/\/project.egalbar.de\/wp\/index.php?rest_route=\/wp\/v2\/pages\/17"}],"collection":[{"href":"http:\/\/project.egalbar.de\/wp\/index.php?rest_route=\/wp\/v2\/pages"}],"about":[{"href":"http:\/\/project.egalbar.de\/wp\/index.php?rest_route=\/wp\/v2\/types\/page"}],"author":[{"embeddable":true,"href":"http:\/\/project.egalbar.de\/wp\/index.php?rest_route=\/wp\/v2\/users\/1"}],"replies":[{"embeddable":true,"href":"http:\/\/project.egalbar.de\/wp\/index.php?rest_route=%2Fwp%2Fv2%2Fcomments&post=17"}],"version-history":[{"count":48,"href":"http:\/\/project.egalbar.de\/wp\/index.php?rest_route=\/wp\/v2\/pages\/17\/revisions"}],"predecessor-version":[{"id":546,"href":"http:\/\/project.egalbar.de\/wp\/index.php?rest_route=\/wp\/v2\/pages\/17\/revisions\/546"}],"wp:attachment":[{"href":"http:\/\/project.egalbar.de\/wp\/index.php?rest_route=%2Fwp%2Fv2%2Fmedia&parent=17"}],"curies":[{"name":"wp","href":"https:\/\/api.w.org\/{rel}","templated":true}]}}