{"id":451,"date":"2023-02-13T12:06:56","date_gmt":"2023-02-13T11:06:56","guid":{"rendered":"http:\/\/project.egalbar.de\/wp\/?page_id=451"},"modified":"2023-04-02T19:42:52","modified_gmt":"2023-04-02T17:42:52","slug":"egalbar-foto-tapete","status":"publish","type":"page","link":"http:\/\/project.egalbar.de\/wp\/?page_id=451","title":{"rendered":"Egalbar Drucke etc"},"content":{"rendered":"<p><img decoding=\"async\" loading=\"lazy\" class=\"size-full wp-image-452 alignnone\" src=\"http:\/\/project.egalbar.de\/wp\/wp-content\/uploads\/2023\/02\/10608651_4560644710950_4065982762422430793_o.jpg\" alt=\"\" width=\"1448\" height=\"2048\" srcset=\"http:\/\/project.egalbar.de\/wp\/wp-content\/uploads\/2023\/02\/10608651_4560644710950_4065982762422430793_o.jpg 1448w, http:\/\/project.egalbar.de\/wp\/wp-content\/uploads\/2023\/02\/10608651_4560644710950_4065982762422430793_o-283x400.jpg 283w, http:\/\/project.egalbar.de\/wp\/wp-content\/uploads\/2023\/02\/10608651_4560644710950_4065982762422430793_o-424x600.jpg 424w, http:\/\/project.egalbar.de\/wp\/wp-content\/uploads\/2023\/02\/10608651_4560644710950_4065982762422430793_o-141x200.jpg 141w, http:\/\/project.egalbar.de\/wp\/wp-content\/uploads\/2023\/02\/10608651_4560644710950_4065982762422430793_o-768x1086.jpg 768w, http:\/\/project.egalbar.de\/wp\/wp-content\/uploads\/2023\/02\/10608651_4560644710950_4065982762422430793_o-1086x1536.jpg 1086w, http:\/\/project.egalbar.de\/wp\/wp-content\/uploads\/2023\/02\/10608651_4560644710950_4065982762422430793_o-848x1200.jpg 848w\" sizes=\"(max-width: 1448px) 100vw, 1448px\" \/> Wer m\u00f6chte, kann bei uns einen Ausschnitt der Egalbar-Foto-Tapete in den Ma\u00dfen 84 x 61 cm erwerben, oder Aufn\u00e4her\/ Aufkleber oder Egal Jutebeutel, schreibt uns einfach eine Email &gt;&gt; project@egalbar.de<\/p>\n<p>&nbsp;<\/p>\n<p>&#8222;Egal&#8220; Aufn\u00e4her, Aufn\u00e4her \/ Patch zum Aufb\u00fcgeln. \u201eEgal Goldedition\u201c<\/p>\n<img decoding=\"async\" loading=\"lazy\" class=\"alignnone wp-image-481 size-large\" src=\"http:\/\/project.egalbar.de\/wp\/wp-content\/uploads\/2023\/04\/IMG_5495a-450x600.jpg\" alt=\"\" width=\"450\" height=\"600\" srcset=\"http:\/\/project.egalbar.de\/wp\/wp-content\/uploads\/2023\/04\/IMG_5495a-450x600.jpg 450w, http:\/\/project.egalbar.de\/wp\/wp-content\/uploads\/2023\/04\/IMG_5495a-300x400.jpg 300w, http:\/\/project.egalbar.de\/wp\/wp-content\/uploads\/2023\/04\/IMG_5495a-150x200.jpg 150w, http:\/\/project.egalbar.de\/wp\/wp-content\/uploads\/2023\/04\/IMG_5495a.jpg 750w\" sizes=\"(max-width: 450px) 100vw, 450px\" \/>\n","protected":false},"excerpt":{"rendered":"<p>Wer m\u00f6chte, kann bei uns einen Ausschnitt der Egalbar-Foto-Tapete in den Ma\u00dfen 84 x 61 cm erwerben, oder Aufn\u00e4her\/ Aufkleber oder Egal Jutebeutel, schreibt uns einfach eine Email &gt;&gt; project@egalbar.de &nbsp; &#8222;Egal&#8220; Aufn\u00e4her, Aufn\u00e4her \/ Patch zum Aufb\u00fcgeln. \u201eEgal Goldedition\u201c<\/p>\n","protected":false},"author":1,"featured_media":0,"parent":0,"menu_order":0,"comment_status":"closed","ping_status":"closed","template":"","meta":[],"_links":{"self":[{"href":"http:\/\/project.egalbar.de\/wp\/index.php?rest_route=\/wp\/v2\/pages\/451"}],"collection":[{"href":"http:\/\/project.egalbar.de\/wp\/index.php?rest_route=\/wp\/v2\/pages"}],"about":[{"href":"http:\/\/project.egalbar.de\/wp\/index.php?rest_route=\/wp\/v2\/types\/page"}],"author":[{"embeddable":true,"href":"http:\/\/project.egalbar.de\/wp\/index.php?rest_route=\/wp\/v2\/users\/1"}],"replies":[{"embeddable":true,"href":"http:\/\/project.egalbar.de\/wp\/index.php?rest_route=%2Fwp%2Fv2%2Fcomments&post=451"}],"version-history":[{"count":6,"href":"http:\/\/project.egalbar.de\/wp\/index.php?rest_route=\/wp\/v2\/pages\/451\/revisions"}],"predecessor-version":[{"id":482,"href":"http:\/\/project.egalbar.de\/wp\/index.php?rest_route=\/wp\/v2\/pages\/451\/revisions\/482"}],"wp:attachment":[{"href":"http:\/\/project.egalbar.de\/wp\/index.php?rest_route=%2Fwp%2Fv2%2Fmedia&parent=451"}],"curies":[{"name":"wp","href":"https:\/\/api.w.org\/{rel}","templated":true}]}}