{"id":501,"date":"2024-09-25T09:57:25","date_gmt":"2024-09-25T07:57:25","guid":{"rendered":"http:\/\/project.egalbar.de\/wp\/?page_id=501"},"modified":"2025-11-27T09:36:10","modified_gmt":"2025-11-27T08:36:10","slug":"nukleus-2-mi-9-oktober-15-18-uhr","status":"publish","type":"page","link":"http:\/\/project.egalbar.de\/wp\/?page_id=501","title":{"rendered":"Hamburg. &#8211; NUKLEUS 2"},"content":{"rendered":"<div class=\"wp-block-group has-global-padding is-layout-constrained wp-block-group-is-layout-constrained\">\n<h1><\/h1>\n<h1><\/h1>\n<h1 class=\"wp-block-post-title\">NUKLEUS 2<\/h1>\n<\/div>\n<div class=\"entry-content wp-block-post-content has-global-padding is-layout-constrained wp-block-post-content-is-layout-constrained\">\n<h2 class=\"wp-block-heading has-text-align-left has-base-color has-primary-background-color has-text-color has-background has-link-color has-large-font-size wp-elements-525c1f92e951017f6822ee973698d7f1\">\u2013 die L\u00fccke f\u00fcllen<\/h2>\n<\/div>\n<h2 class=\"wp-block-heading has-text-align-center has-tertiary-color has-cyan-bluish-gray-background-color has-text-color has-background has-link-color has-medium-font-size wp-elements-105bcb7c87f885bab98d15ca405a0784\">5. bis. 12. Oktober in der <strong>Galerie der Schlumper, Marktstra\u00dfe 131, 20357 Hamburg<\/strong><\/h2>\n<h2><\/h2>\n<p>&nbsp;<\/p>\n<blockquote class=\"wp-embedded-content\" data-secret=\"8pJ1GmCCAJ\"><p><a href=\"https:\/\/nukleus-karoviertel.de\/nukleus-2\/\">NUKLEUS II<\/a><\/p><\/blockquote>\n<iframe class=\"wp-embedded-content\" sandbox=\"allow-scripts\" security=\"restricted\" style=\"position: absolute; clip: rect(1px, 1px, 1px, 1px);\" title=\"&#8222;NUKLEUS II&#8220; &#8211; Nukleus Karoviertel\" src=\"https:\/\/nukleus-karoviertel.de\/nukleus-2\/embed\/#?secret=cPpOK08yY5#?secret=8pJ1GmCCAJ\" data-secret=\"8pJ1GmCCAJ\" width=\"600\" height=\"338\" frameborder=\"0\" marginwidth=\"0\" marginheight=\"0\" scrolling=\"no\"><\/iframe>\n<h2 class=\"wp-block-heading has-text-align-center has-tertiary-color has-cyan-bluish-gray-background-color has-text-color has-background has-link-color has-medium-font-size wp-elements-105bcb7c87f885bab98d15ca405a0784\">Wir werde am Mittwoch den 9. Oktober\/\/ 15 \u2013 18 Uhr vor Ort sein.<\/h2>\n<p><\/br><\/p>\n<p><img decoding=\"async\" class=\"alignnone size-full\" src=\"https:\/\/elenagetzieh.de\/wp-content\/uploads\/2025\/11\/ealbar_schlumper-scaled.jpg\" width=\"820\" \/><br \/>\n<\/br><br \/>\n<img decoding=\"async\" class=\"alignnone size-full\" src=\"https:\/\/elenagetzieh.de\/wp-content\/uploads\/2025\/11\/egalbar_detail-scaled.jpg\" width=\"820\"  \/><br \/>\n<\/br><br \/>\n<img decoding=\"async\" src=\"https:\/\/elenagetzieh.de\/wp-content\/uploads\/2025\/11\/egalbar_nukleus-scaled.jpg\"width=\"820\" \/><br \/>\n<\/br><br \/>\n<img decoding=\"async\" src=\"https:\/\/elenagetzieh.de\/wp-content\/uploads\/2025\/11\/egalbar_archiv_buch-scaled.jpg\"width=\"820\" \/><\/p>\n","protected":false},"excerpt":{"rendered":"<p>NUKLEUS 2 \u2013 die L\u00fccke f\u00fcllen 5. bis. 12. Oktober in der Galerie der Schlumper, Marktstra\u00dfe 131, 20357 Hamburg &nbsp; NUKLEUS II Wir werde am Mittwoch den 9. Oktober\/\/ 15 \u2013 18 Uhr vor Ort sein.<\/p>\n","protected":false},"author":1,"featured_media":0,"parent":0,"menu_order":0,"comment_status":"closed","ping_status":"closed","template":"","meta":[],"_links":{"self":[{"href":"http:\/\/project.egalbar.de\/wp\/index.php?rest_route=\/wp\/v2\/pages\/501"}],"collection":[{"href":"http:\/\/project.egalbar.de\/wp\/index.php?rest_route=\/wp\/v2\/pages"}],"about":[{"href":"http:\/\/project.egalbar.de\/wp\/index.php?rest_route=\/wp\/v2\/types\/page"}],"author":[{"embeddable":true,"href":"http:\/\/project.egalbar.de\/wp\/index.php?rest_route=\/wp\/v2\/users\/1"}],"replies":[{"embeddable":true,"href":"http:\/\/project.egalbar.de\/wp\/index.php?rest_route=%2Fwp%2Fv2%2Fcomments&post=501"}],"version-history":[{"count":8,"href":"http:\/\/project.egalbar.de\/wp\/index.php?rest_route=\/wp\/v2\/pages\/501\/revisions"}],"predecessor-version":[{"id":545,"href":"http:\/\/project.egalbar.de\/wp\/index.php?rest_route=\/wp\/v2\/pages\/501\/revisions\/545"}],"wp:attachment":[{"href":"http:\/\/project.egalbar.de\/wp\/index.php?rest_route=%2Fwp%2Fv2%2Fmedia&parent=501"}],"curies":[{"name":"wp","href":"https:\/\/api.w.org\/{rel}","templated":true}]}}